{"id":25,"date":"2019-12-31T17:35:10","date_gmt":"2019-12-31T16:35:10","guid":{"rendered":"http:\/\/profha.com\/?page_id=25"},"modified":"2020-07-02T12:04:33","modified_gmt":"2020-07-02T10:04:33","slug":"accueil","status":"publish","type":"page","link":"https:\/\/profha.com\/","title":{"rendered":"Accueil"},"content":{"rendered":"<p>[et_pb_section fb_built=\u00a0\u00bb1&Prime; fullwidth=\u00a0\u00bbon\u00a0\u00bb _builder_version=\u00a0\u00bb4.4.8&Prime; hover_enabled=\u00a0\u00bb0&Prime; global_module=\u00a0\u00bb1410&Prime; positioning=\u00a0\u00bbnone\u00a0\u00bb position_origin_f=\u00a0\u00bbtop_center\u00a0\u00bb position_origin_a=\u00a0\u00bbtop_center\u00a0\u00bb z_index=\u00a0\u00bb20&Prime;][et_pb_fullwidth_menu fullwidth_menu=\u00a0\u00bbon\u00a0\u00bb active_link_color=\u00a0\u00bb#ffffff\u00a0\u00bb dropdown_menu_bg_color=\u00a0\u00bb#201566&Prime; dropdown_menu_line_color=\u00a0\u00bb#201566&Prime; dropdown_menu_text_color=\u00a0\u00bb#ffffff\u00a0\u00bb dropdown_menu_active_link_color=\u00a0\u00bb#c3c3c3&Prime; mobile_menu_bg_color=\u00a0\u00bb#201566&Prime; mobile_menu_text_color=\u00a0\u00bb#ffffff\u00a0\u00bb logo=\u00a0\u00bbhttps:\/\/profha.com\/wp-content\/uploads\/2020\/01\/logolong1-2-decoup\u00e9.png\u00a0\u00bb logo_max_width=\u00a0\u00bb50%\u00a0\u00bb _builder_version=\u00a0\u00bb4.4.8&Prime; menu_text_color=\u00a0\u00bb#c3c3c3&Prime; menu_font_size=\u00a0\u00bb17px\u00a0\u00bb background_color=\u00a0\u00bb#201566&Prime; text_orientation=\u00a0\u00bbright\u00a0\u00bb custom_margin=\u00a0\u00bb0px|0px|0px|0px|false|false\u00a0\u00bb custom_padding=\u00a0\u00bb5px|10px|5px|10px|false|false\u00a0\u00bb][\/et_pb_fullwidth_menu][\/et_pb_section][et_pb_section fb_built=\u00a0\u00bb1&Prime; fullwidth=\u00a0\u00bbon\u00a0\u00bb _builder_version=\u00a0\u00bb4.4.7&Prime; use_background_color_gradient=\u00a0\u00bbon\u00a0\u00bb background_color_gradient_start=\u00a0\u00bb#201566&Prime; background_color_gradient_end=\u00a0\u00bb#798af7&Prime; background_color_gradient_overlays_image=\u00a0\u00bbon\u00a0\u00bb custom_margin=\u00a0\u00bb||||false|false\u00a0\u00bb custom_padding=\u00a0\u00bb60px||||false|false\u00a0\u00bb][et_pb_fullwidth_header title=\u00a0\u00bbEnsemble Boostons vos Marges\u00a0\u00bb subhead=\u00a0\u00bbNous accompagnons les services achats des TPE \/ PME\u00a0\u00bb header_scroll_down=\u00a0\u00bbon\u00a0\u00bb scroll_down_icon=\u00a0\u00bb%%4%%\u00a0\u00bb scroll_down_icon_color=\u00a0\u00bb#0c71c3&Prime; button_one_text=\u00a0\u00bbFaites nous part de vos besoins\u00a0\u00bb button_one_url=\u00a0\u00bb@ET-DC@eyJkeW5hbWljIjp0cnVlLCJjb250ZW50IjoicG9zdF9saW5rX3VybF9wYWdlIiwic2V0dGluZ3MiOnsicG9zdF9pZCI6IjM2In19@\u00a0\u00bb background_overlay_color=\u00a0\u00bbrgba(0,0,0,0)\u00a0\u00bb logo_image_url=\u00a0\u00bbhttps:\/\/profha.com\/wp-content\/uploads\/2020\/01\/logolong1-2-decoup\u00e9.png\u00a0\u00bb content_tablet=\u00a0\u00bb<\/p>\n<p>Plus qu&rsquo;un consultant, un partenaire de proximit\u00e9 assurant<\/p>\n<p>  les prestations de services,<\/p>\n<p>      les conseils,<\/p>\n<p>        les audits,<\/p>\n<p>n\u00e9cessaires \u00e0 votre \u00e9quipe achats<\/p>\n<\/p>\n<p>\u00a0\u00bb content_phone=\u00a0\u00bb<\/p>\n<p>Plus qu&rsquo;un consultant, un partenaire de proximit\u00e9 assurant les prestations de services, les conseils, et les audits, n\u00e9cessaires \u00e0 votre \u00e9quipe achats<\/p>\n<\/p>\n<p>\u00a0\u00bb content_last_edited=\u00a0\u00bbon|phone\u00a0\u00bb _builder_version=\u00a0\u00bb4.4.8&Prime; _dynamic_attributes=\u00a0\u00bbbutton_one_url\u00a0\u00bb title_font=\u00a0\u00bbMontserrat|600|||||||\u00a0\u00bb title_line_height=\u00a0\u00bb2em\u00a0\u00bb content_font=\u00a0\u00bbTimes New Roman|700|||||||\u00a0\u00bb content_text_color=\u00a0\u00bb#e2e2e2&Prime; content_font_size=\u00a0\u00bb28px\u00a0\u00bb content_line_height=\u00a0\u00bb1.2em\u00a0\u00bb subhead_font=\u00a0\u00bb|600|||||||\u00a0\u00bb subhead_text_color=\u00a0\u00bb#ffffff\u00a0\u00bb subhead_font_size=\u00a0\u00bb30px\u00a0\u00bb subhead_line_height=\u00a0\u00bb2em\u00a0\u00bb background_color=\u00a0\u00bbrgba(0,0,0,0)\u00a0\u00bb background_image=\u00a0\u00bbhttps:\/\/profha.com\/wp-content\/uploads\/2020\/01\/fleche-1024&#215;959.png\u00a0\u00bb background_size=\u00a0\u00bbcontain\u00a0\u00bb background_position=\u00a0\u00bbcenter_right\u00a0\u00bb custom_button_one=\u00a0\u00bboff\u00a0\u00bb button_one_icon=\u00a0\u00bb%%73%%\u00a0\u00bb button_one_on_hover=\u00a0\u00bboff\u00a0\u00bb max_height_tablet=\u00a0\u00bb\u00a0\u00bb max_height_phone=\u00a0\u00bb\u00a0\u00bb max_height_last_edited=\u00a0\u00bbon|phone\u00a0\u00bb custom_margin=\u00a0\u00bb||||false|false\u00a0\u00bb custom_padding=\u00a0\u00bb|100px|140px||false|false\u00a0\u00bb custom_padding_tablet=\u00a0\u00bb\u00a0\u00bb custom_padding_phone=\u00a0\u00bb|50px|200px||false|false\u00a0\u00bb custom_padding_last_edited=\u00a0\u00bbon|phone\u00a0\u00bb hover_enabled=\u00a0\u00bb0&Prime; title_font_size_tablet=\u00a0\u00bb20px\u00a0\u00bb title_font_size_phone=\u00a0\u00bb18px\u00a0\u00bb content_font_size_tablet=\u00a0\u00bb16px\u00a0\u00bb content_font_size_phone=\u00a0\u00bb14px\u00a0\u00bb subhead_font_size_tablet=\u00a0\u00bb18px\u00a0\u00bb subhead_font_size_phone=\u00a0\u00bb16px\u00a0\u00bb background_last_edited=\u00a0\u00bbon|phone\u00a0\u00bb background_enable_image_tablet=\u00a0\u00bboff\u00a0\u00bb background_enable_image_phone=\u00a0\u00bboff\u00a0\u00bb button_one_text_size_phone=\u00a0\u00bb8px\u00a0\u00bb border_color_all=\u00a0\u00bb#E02B20&Prime;]<\/p>\n<p>Plus qu&rsquo;un consultant, un partenaire de proximit\u00e9 assurant<\/p>\n<p>\u00a0 \u00a0 \u00a0 les prestations de services,<\/p>\n<p>\u00a0 \u00a0 \u00a0 \u00a0 \u00a0 \u00a0 les conseils,<\/p>\n<p>\u00a0 \u00a0 \u00a0 \u00a0 \u00a0 \u00a0 \u00a0 \u00a0 \u00a0 les audits,<\/p>\n<p>\u00a0 \u00a0 \u00a0 \u00a0 \u00a0 \u00a0 \u00a0 \u00a0 \u00a0 \u00a0 \u00a0 \u00a0 n\u00e9cessaires \u00e0 votre \u00e9quipe achats<\/p>\n<p>&nbsp;<\/p>\n<p>[\/et_pb_fullwidth_header][\/et_pb_section][et_pb_section fb_built=\u00a0\u00bb1&Prime; _builder_version=\u00a0\u00bb4.4.7&Prime; background_color=\u00a0\u00bb#ffffff\u00a0\u00bb use_background_color_gradient=\u00a0\u00bbon\u00a0\u00bb background_color_gradient_start=\u00a0\u00bb#201566&Prime; background_color_gradient_end=\u00a0\u00bb#798af7&Prime; custom_padding=\u00a0\u00bb15px||15px||false|false\u00a0\u00bb][et_pb_row column_structure=\u00a0\u00bb1_2,1_2&Prime; _builder_version=\u00a0\u00bb4.4.7&Prime; max_width=\u00a0\u00bb1300px\u00a0\u00bb custom_padding=\u00a0\u00bb0px||0px||false|false\u00a0\u00bb][et_pb_column type=\u00a0\u00bb1_2&Prime; _builder_version=\u00a0\u00bb4.0.9&Prime;][et_pb_image src=\u00a0\u00bbhttps:\/\/profha.com\/wp-content\/uploads\/2019\/12\/8.Contrat-de-sous-traitance-ou-de-prestation-de-service-1-1024&#215;341-1.jpg\u00a0\u00bb show_bottom_space=\u00a0\u00bboff\u00a0\u00bb align=\u00a0\u00bbcenter\u00a0\u00bb align_tablet=\u00a0\u00bbcenter\u00a0\u00bb align_phone=\u00a0\u00bb\u00a0\u00bb align_last_edited=\u00a0\u00bbon|tablet\u00a0\u00bb _builder_version=\u00a0\u00bb4.4.7&Prime; width=\u00a0\u00bb300px\u00a0\u00bb height=\u00a0\u00bb150px\u00a0\u00bb custom_margin=\u00a0\u00bb30px||30px||false|false\u00a0\u00bb custom_padding=\u00a0\u00bb0px||0px||false|false\u00a0\u00bb][\/et_pb_image][et_pb_blurb title=\u00a0\u00bbvous recherchez une prestation:\u00a0\u00bb use_icon=\u00a0\u00bbon\u00a0\u00bb font_icon=\u00a0\u00bb%%150%%\u00a0\u00bb icon_color=\u00a0\u00bb#201566&Prime; use_icon_font_size=\u00a0\u00bbon\u00a0\u00bb icon_font_size=\u00a0\u00bb56px\u00a0\u00bb _builder_version=\u00a0\u00bb4.4.7&Prime; header_level=\u00a0\u00bbh2&Prime; header_text_align=\u00a0\u00bbcenter\u00a0\u00bb header_font_size=\u00a0\u00bb30px\u00a0\u00bb header_line_height=\u00a0\u00bb2em\u00a0\u00bb body_font_size=\u00a0\u00bb20px\u00a0\u00bb body_line_height=\u00a0\u00bb2em\u00a0\u00bb background_color=\u00a0\u00bb#798af7&Prime; background_layout=\u00a0\u00bbdark\u00a0\u00bb custom_margin=\u00a0\u00bb0px||30px||false|false\u00a0\u00bb custom_padding=\u00a0\u00bb20px||20px||false|false\u00a0\u00bb border_radii=\u00a0\u00bbon|20px|20px|20px|20px\u00a0\u00bb]<\/p>\n<ul>\n<li>de gestion d&rsquo;une \u00e9quipe achats<\/li>\n<li>de gestion d&rsquo;un portefeuille achats de production<\/li>\n<li>de gestion d&rsquo;un portefeuille achats hors-production<\/li>\n<li>de gestion de projet<\/li>\n<\/ul>\n<p>[\/et_pb_blurb][et_pb_button button_url=\u00a0\u00bbhttps:\/\/profha.com\/index.php\/accueil\/prestations\/\u00a0\u00bb button_text=\u00a0\u00bbEn savoir plus\u00a0\u00bb button_alignment=\u00a0\u00bbcenter\u00a0\u00bb _builder_version=\u00a0\u00bb4.4.8&Prime; button_on_hover=\u00a0\u00bboff\u00a0\u00bb background_layout=\u00a0\u00bbdark\u00a0\u00bb custom_padding=\u00a0\u00bb10px||10px|20px|false|false\u00a0\u00bb button_text_color__hover_enabled=\u00a0\u00bboff|hover\u00a0\u00bb][\/et_pb_button][\/et_pb_column][et_pb_column type=\u00a0\u00bb1_2&Prime; _builder_version=\u00a0\u00bb4.0.9&Prime;][et_pb_image src=\u00a0\u00bbhttps:\/\/profha.com\/wp-content\/uploads\/2019\/12\/role-achats-dans-transformation-supply-chain-T.jpg\u00a0\u00bb show_bottom_space=\u00a0\u00bboff\u00a0\u00bb align=\u00a0\u00bbcenter\u00a0\u00bb align_tablet=\u00a0\u00bbcenter\u00a0\u00bb align_phone=\u00a0\u00bb\u00a0\u00bb align_last_edited=\u00a0\u00bbon|tablet\u00a0\u00bb _builder_version=\u00a0\u00bb4.4.7&Prime; width=\u00a0\u00bb300px\u00a0\u00bb height=\u00a0\u00bb150px\u00a0\u00bb custom_margin=\u00a0\u00bb30px||30px||false|false\u00a0\u00bb custom_padding=\u00a0\u00bb||||false|false\u00a0\u00bb][\/et_pb_image][et_pb_blurb title=\u00a0\u00bbPour votre performance, nous proposons:\u00a0\u00bb use_icon=\u00a0\u00bbon\u00a0\u00bb font_icon=\u00a0\u00bb%%175%%\u00a0\u00bb icon_color=\u00a0\u00bb#201566&Prime; use_icon_font_size=\u00a0\u00bbon\u00a0\u00bb icon_font_size=\u00a0\u00bb56px\u00a0\u00bb _builder_version=\u00a0\u00bb4.4.7&Prime; header_level=\u00a0\u00bbh2&Prime; header_text_align=\u00a0\u00bbcenter\u00a0\u00bb header_font_size=\u00a0\u00bb30px\u00a0\u00bb header_line_height=\u00a0\u00bb2em\u00a0\u00bb body_font_size=\u00a0\u00bb20px\u00a0\u00bb body_line_height=\u00a0\u00bb2em\u00a0\u00bb background_color=\u00a0\u00bb#798af7&Prime; background_layout=\u00a0\u00bbdark\u00a0\u00bb custom_margin=\u00a0\u00bb0px||30px||false|false\u00a0\u00bb custom_padding=\u00a0\u00bb20px||20px||false|false\u00a0\u00bb border_radii=\u00a0\u00bbon|20px|20px|20px|20px\u00a0\u00bb background__hover_enabled=\u00a0\u00bboff|desktop\u00a0\u00bb]<\/p>\n<ul>\n<li>La profesionalisation de votre service achats<\/li>\n<li>Un coatching pour faire \u00e9voluer vos equipes<\/li>\n<li>Un accompagnement \u00e0 l&rsquo;international<\/li>\n<li>Une optimisation de votre supply chain<\/li>\n<\/ul>\n<p>[\/et_pb_blurb][et_pb_button button_url=\u00a0\u00bbhttps:\/\/profha.com\/index.php\/accueil\/prestations\/\u00a0\u00bb button_text=\u00a0\u00bbEn savoir plus\u00a0\u00bb button_alignment=\u00a0\u00bbcenter\u00a0\u00bb _builder_version=\u00a0\u00bb4.4.8&Prime; button_on_hover=\u00a0\u00bboff\u00a0\u00bb background_layout=\u00a0\u00bbdark\u00a0\u00bb custom_margin=\u00a0\u00bb||30px||false|false\u00a0\u00bb custom_padding=\u00a0\u00bb10px||10px|20px|false|false\u00a0\u00bb button_text_color__hover_enabled=\u00a0\u00bboff|hover\u00a0\u00bb][\/et_pb_button][\/et_pb_column][\/et_pb_row][\/et_pb_section][et_pb_section fb_built=\u00a0\u00bb1&Prime; inner_shadow=\u00a0\u00bbon\u00a0\u00bb _builder_version=\u00a0\u00bb4.4.7&Prime; use_background_color_gradient=\u00a0\u00bbon\u00a0\u00bb background_color_gradient_start=\u00a0\u00bb#798af7&Prime; background_color_gradient_end=\u00a0\u00bb#201566&Prime; custom_padding=\u00a0\u00bb10px||10px||false|false\u00a0\u00bb global_module=\u00a0\u00bb398&Prime; saved_tabs=\u00a0\u00bball\u00a0\u00bb][et_pb_row column_structure=\u00a0\u00bb1_5,1_5,1_5,1_5,1_5&Prime; use_custom_gutter=\u00a0\u00bbon\u00a0\u00bb make_equal=\u00a0\u00bbon\u00a0\u00bb _builder_version=\u00a0\u00bb4.1&Prime; width=\u00a0\u00bb100%\u00a0\u00bb max_width=\u00a0\u00bb1500px\u00a0\u00bb custom_margin=\u00a0\u00bb||||false|false\u00a0\u00bb][et_pb_column type=\u00a0\u00bb1_5&Prime; _builder_version=\u00a0\u00bb4.2.2&Prime;][et_pb_image src=\u00a0\u00bbhttps:\/\/profha.com\/wp-content\/uploads\/2020\/01\/logolong1-2-decoup\u00e9.png\u00a0\u00bb _builder_version=\u00a0\u00bb4.1&Prime;][\/et_pb_image][\/et_pb_column][et_pb_column type=\u00a0\u00bb1_5&Prime; _builder_version=\u00a0\u00bb4.1&Prime;][et_pb_text _builder_version=\u00a0\u00bb4.4.8&Prime; text_text_color=\u00a0\u00bb#000000&Prime; text_font_size=\u00a0\u00bb14px\u00a0\u00bb text_line_height=\u00a0\u00bb1.2em\u00a0\u00bb header_3_font_size=\u00a0\u00bb20px\u00a0\u00bb background_enable_color=\u00a0\u00bboff\u00a0\u00bb max_width=\u00a0\u00bb375px\u00a0\u00bb module_alignment=\u00a0\u00bbcenter\u00a0\u00bb custom_margin=\u00a0\u00bb0px||0px||false|false\u00a0\u00bb custom_padding=\u00a0\u00bb10px||10px|20px|false|false\u00a0\u00bb header_3_font_size_tablet=\u00a0\u00bb17px\u00a0\u00bb header_3_font_size_phone=\u00a0\u00bb14px\u00a0\u00bb header_3_font_size_last_edited=\u00a0\u00bbon|desktop\u00a0\u00bb border_radii=\u00a0\u00bbon|10px|10px|10px|10px\u00a0\u00bb border_color_all=\u00a0\u00bbrgba(0,0,0,0)\u00a0\u00bb]<\/p>\n<p><strong>ProfHA SARL<\/strong><br \/> RCS M\u00e2con 882 172 828 Eurl au capital social de 10 000\u20ac<\/p>\n<p>[\/et_pb_text][\/et_pb_column][et_pb_column type=\u00a0\u00bb1_5&Prime; _builder_version=\u00a0\u00bb4.1&Prime;][et_pb_text _builder_version=\u00a0\u00bb4.4.8&Prime; text_text_color=\u00a0\u00bb#000000&Prime; text_font_size=\u00a0\u00bb14px\u00a0\u00bb text_line_height=\u00a0\u00bb1.2em\u00a0\u00bb header_line_height=\u00a0\u00bb1.2em\u00a0\u00bb header_3_font_size=\u00a0\u00bb20px\u00a0\u00bb background_enable_color=\u00a0\u00bboff\u00a0\u00bb max_width=\u00a0\u00bb375px\u00a0\u00bb module_alignment=\u00a0\u00bbcenter\u00a0\u00bb custom_margin=\u00a0\u00bb0px||0px||false|false\u00a0\u00bb custom_padding=\u00a0\u00bb10px|0px|10px|20px|false|false\u00a0\u00bb header_3_font_size_tablet=\u00a0\u00bb17px\u00a0\u00bb header_3_font_size_phone=\u00a0\u00bb14px\u00a0\u00bb header_3_font_size_last_edited=\u00a0\u00bbon|desktop\u00a0\u00bb border_radii=\u00a0\u00bbon|10px|10px|10px|10px\u00a0\u00bb border_color_all=\u00a0\u00bb#201566&Prime;]<\/p>\n<p>Telephone\u00a0 : +33 (0)3 45 87 99 67<br \/> Email \u00a0 \u00a0 \u00a0 \u00a0\u00a0 : laurent.durdilly@profha.com<br \/> adresse \u00a0 \u00a0\u00a0 : 8, lotissement les jumeaux<br \/> 71570 Romaneche Thorins<\/p>\n<p>[\/et_pb_text][\/et_pb_column][et_pb_column type=\u00a0\u00bb1_5&Prime; _builder_version=\u00a0\u00bb4.1&Prime;][\/et_pb_column][et_pb_column type=\u00a0\u00bb1_5&Prime; _builder_version=\u00a0\u00bb4.1&Prime;][et_pb_text _builder_version=\u00a0\u00bb4.4.8&Prime; text_text_color=\u00a0\u00bb#000000&Prime; text_font_size=\u00a0\u00bb12px\u00a0\u00bb text_line_height=\u00a0\u00bb1.2em\u00a0\u00bb header_3_font_size=\u00a0\u00bb20px\u00a0\u00bb background_enable_color=\u00a0\u00bboff\u00a0\u00bb max_width=\u00a0\u00bb375px\u00a0\u00bb module_alignment=\u00a0\u00bbcenter\u00a0\u00bb custom_margin=\u00a0\u00bb0px||0px||false|false\u00a0\u00bb custom_padding=\u00a0\u00bb10px||10px|20px|false|false\u00a0\u00bb link_option_url=\u00a0\u00bbhttps:\/\/profha.com\/wp-content\/uploads\/2020\/01\/Mentions-l\u00e9gales-site-internet.pdf\u00a0\u00bb link_option_url_new_window=\u00a0\u00bbon\u00a0\u00bb header_3_font_size_tablet=\u00a0\u00bb17px\u00a0\u00bb header_3_font_size_phone=\u00a0\u00bb14px\u00a0\u00bb header_3_font_size_last_edited=\u00a0\u00bbon|desktop\u00a0\u00bb border_radii=\u00a0\u00bbon|10px|10px|10px|10px\u00a0\u00bb border_color_all=\u00a0\u00bb#201566&Prime;]Mentions l\u00e9gales[\/et_pb_text][et_pb_text _builder_version=\u00a0\u00bb4.4.8&Prime; text_font_size=\u00a0\u00bb12px\u00a0\u00bb header_3_font_size=\u00a0\u00bb20px\u00a0\u00bb background_enable_color=\u00a0\u00bboff\u00a0\u00bb max_width=\u00a0\u00bb375px\u00a0\u00bb module_alignment=\u00a0\u00bbcenter\u00a0\u00bb custom_margin=\u00a0\u00bb0px||0px||false|false\u00a0\u00bb custom_padding=\u00a0\u00bb10px||10px|20px|false|false\u00a0\u00bb link_option_url=\u00a0\u00bbhttps:\/\/profha.com\/wp-content\/uploads\/2020\/01\/RGPD-ProfHA.pdf\u00a0\u00bb link_option_url_new_window=\u00a0\u00bbon\u00a0\u00bb header_3_font_size_tablet=\u00a0\u00bb17px\u00a0\u00bb header_3_font_size_phone=\u00a0\u00bb14px\u00a0\u00bb header_3_font_size_last_edited=\u00a0\u00bbon|desktop\u00a0\u00bb border_radii=\u00a0\u00bbon|10px|10px|10px|10px\u00a0\u00bb border_color_all=\u00a0\u00bb#201566&Prime;]<span style=\"color: #000000;\">Politique de protection des donn\u00e9es personnelles<\/span>[\/et_pb_text][\/et_pb_column][\/et_pb_row][\/et_pb_section]<\/p>\n","protected":false},"excerpt":{"rendered":"<p>Plus qu&rsquo;un consultant, un partenaire de proximit\u00e9 assurant \u00a0 \u00a0 \u00a0 les prestations de services, \u00a0 \u00a0 \u00a0 \u00a0 \u00a0 \u00a0 les conseils, \u00a0 \u00a0 \u00a0 \u00a0 \u00a0 \u00a0 \u00a0 \u00a0 \u00a0 les audits, \u00a0 \u00a0 \u00a0 \u00a0 \u00a0 \u00a0 \u00a0 \u00a0 \u00a0 \u00a0 \u00a0 \u00a0 n\u00e9cessaires \u00e0 votre \u00e9quipe achats &nbsp; de gestion d&rsquo;une [&hellip;]<\/p>\n","protected":false},"author":1,"featured_media":0,"parent":0,"menu_order":0,"comment_status":"closed","ping_status":"closed","template":"","meta":{"_et_pb_use_builder":"on","_et_pb_old_content":"<!-- wp:paragraph -->\r\n<p>accueil ProfHA sp\u00e9cialiste en Prestation et Service li\u00e9s aux  achats<\/p>\r\n<!-- \/wp:paragraph -->","_et_gb_content_width":""},"_links":{"self":[{"href":"https:\/\/profha.com\/index.php\/wp-json\/wp\/v2\/pages\/25"}],"collection":[{"href":"https:\/\/profha.com\/index.php\/wp-json\/wp\/v2\/pages"}],"about":[{"href":"https:\/\/profha.com\/index.php\/wp-json\/wp\/v2\/types\/page"}],"author":[{"embeddable":true,"href":"https:\/\/profha.com\/index.php\/wp-json\/wp\/v2\/users\/1"}],"replies":[{"embeddable":true,"href":"https:\/\/profha.com\/index.php\/wp-json\/wp\/v2\/comments?post=25"}],"version-history":[{"count":68,"href":"https:\/\/profha.com\/index.php\/wp-json\/wp\/v2\/pages\/25\/revisions"}],"predecessor-version":[{"id":1418,"href":"https:\/\/profha.com\/index.php\/wp-json\/wp\/v2\/pages\/25\/revisions\/1418"}],"wp:attachment":[{"href":"https:\/\/profha.com\/index.php\/wp-json\/wp\/v2\/media?parent=25"}],"curies":[{"name":"wp","href":"https:\/\/api.w.org\/{rel}","templated":true}]}}